{"id":12684,"date":"2015-05-19T19:49:28","date_gmt":"2015-05-19T19:49:28","guid":{"rendered":"http:\/\/sima.edu.mx\/?page_id=12684"},"modified":"2021-11-25T01:55:02","modified_gmt":"2021-11-25T06:55:02","slug":"privacidad","status":"publish","type":"page","link":"https:\/\/sima.edu.mx\/es\/privacidad\/","title":{"rendered":"Aviso de Privacidad"},"content":{"rendered":"\t\t<div data-elementor-type=\"wp-page\" data-elementor-id=\"12684\" class=\"elementor elementor-12684\">\n\t\t\t\t\t\t<div class=\"elementor-inner\">\n\t\t\t\t<div class=\"elementor-section-wrap\">\n\t\t\t\t\t\t\t\t\t<section class=\"elementor-section elementor-top-section elementor-element elementor-element-1af97f48 elementor-section-boxed elementor-section-height-default elementor-section-height-default\" data-id=\"1af97f48\" data-element_type=\"section\" data-settings=\"{&quot;jet_parallax_layout_list&quot;:[{&quot;jet_parallax_layout_image&quot;:{&quot;url&quot;:&quot;&quot;,&quot;id&quot;:&quot;&quot;},&quot;_id&quot;:&quot;cb0fe19&quot;,&quot;jet_parallax_layout_image_tablet&quot;:{&quot;url&quot;:&quot;&quot;,&quot;id&quot;:&quot;&quot;},&quot;jet_parallax_layout_image_mobile&quot;:{&quot;url&quot;:&quot;&quot;,&quot;id&quot;:&quot;&quot;},&quot;jet_parallax_layout_speed&quot;:{&quot;unit&quot;:&quot;%&quot;,&quot;size&quot;:50,&quot;sizes&quot;:[]},&quot;jet_parallax_layout_type&quot;:&quot;scroll&quot;,&quot;jet_parallax_layout_direction&quot;:null,&quot;jet_parallax_layout_fx_direction&quot;:null,&quot;jet_parallax_layout_z_index&quot;:&quot;&quot;,&quot;jet_parallax_layout_bg_x&quot;:50,&quot;jet_parallax_layout_bg_x_tablet&quot;:&quot;&quot;,&quot;jet_parallax_layout_bg_x_mobile&quot;:&quot;&quot;,&quot;jet_parallax_layout_bg_y&quot;:50,&quot;jet_parallax_layout_bg_y_tablet&quot;:&quot;&quot;,&quot;jet_parallax_layout_bg_y_mobile&quot;:&quot;&quot;,&quot;jet_parallax_layout_bg_size&quot;:&quot;auto&quot;,&quot;jet_parallax_layout_bg_size_tablet&quot;:&quot;&quot;,&quot;jet_parallax_layout_bg_size_mobile&quot;:&quot;&quot;,&quot;jet_parallax_layout_animation_prop&quot;:&quot;transform&quot;,&quot;jet_parallax_layout_on&quot;:[&quot;desktop&quot;,&quot;tablet&quot;]}]}\">\n\t\t\t\t\t\t<div class=\"elementor-container elementor-column-gap-default\">\n\t\t\t\t\t\t\t<div class=\"elementor-row\">\n\t\t\t\t\t<div class=\"elementor-column elementor-col-100 elementor-top-column elementor-element elementor-element-31e50edc\" data-id=\"31e50edc\" data-element_type=\"column\">\n\t\t\t<div class=\"elementor-column-wrap elementor-element-populated\">\n\t\t\t\t\t\t\t<div class=\"elementor-widget-wrap\">\n\t\t\t\t\t\t<div class=\"elementor-element elementor-element-c549c89 elementor-widget elementor-widget-heading\" data-id=\"c549c89\" data-element_type=\"widget\" data-widget_type=\"heading.default\">\n\t\t\t\t<div class=\"elementor-widget-container\">\n\t\t\t<h2 class=\"elementor-heading-title elementor-size-default\">Aviso de Privacidad<\/h2>\t\t<\/div>\n\t\t\t\t<\/div>\n\t\t\t\t<div class=\"elementor-element elementor-element-6b2d55a7 elementor-widget elementor-widget-text-editor\" data-id=\"6b2d55a7\" data-element_type=\"widget\" data-widget_type=\"text-editor.default\">\n\t\t\t\t<div class=\"elementor-widget-container\">\n\t\t\t\t\t\t\t\t<div class=\"elementor-text-editor elementor-clearfix\">\n\t\t\t\t<p><strong>En cumplimiento a lo dispuesto por la Ley Federal de Protecci\u00f3n de Datos Personales en Posesi\u00f3n de Particulares (en adelante, la Ley), S.I.M.A., S.C. (en lo sucesivo, EL INSTITUTO SIMA), informa:<\/strong><\/p><p>EL INSTITUTO SIMA, es una Sociedad Civil, constituida de conformidad a las leyes mexicanas, con domicilio en Calle Segunda No. 5196, Colonia La Nueva Estanzuela, Monterrey N.L., C.P. 64988.<\/p><p>En los t\u00e9rminos previstos en la Ley y dem\u00e1s disposiciones aplicables, Usted tiene derecho a limitar el uso de sus datos personales, as\u00ed como a ejercer los derechos de acceso, rectificaci\u00f3n, revocaci\u00f3n, cancelaci\u00f3n u oposici\u00f3n previstos en la Ley, solicit\u00e1ndolo por escrito en el domicilio se\u00f1alado anteriormente.<\/p><p>Cabe destacar, que como instituci\u00f3n educativa particular, regulada por la Secretar\u00eda de Educaci\u00f3n P\u00fablica, EL INSTITUTO SIMA deber\u00e1 recabar de Usted, los datos necesarios para identificar, tanto al alumno, como a los padres y\/o tutores legales, as\u00ed como dar cumplimiento a las disposiciones legales aplicables en materia de prevenci\u00f3n y detecci\u00f3n de actos.<\/p><p>Respecto al servicio educativo particular, EL INSTITUTO SIMA est\u00e1 obligado a obtener datos adicionales que le permitan corroborar el acreditamiento de los niveles educativos cursados, as\u00ed como determinar la solvencia econ\u00f3mica y capacidad de pago del alumno y\/o padres o tutores legales.<\/p><p>EL INSTITUTO SIMA no transferir\u00e1 a terceros sus datos personales, sin su previo consentimiento, a menos que dicha transferencia sea necesaria para la prestaci\u00f3n o cumplimiento de las obligaciones de los servicios educativos contratados por Usted. Si usted no manifiesta oposici\u00f3n para que sus datos personales sean transferidos para estos efectos, se entender\u00e1 que ha otorgado su consentimiento para ello, salvo por el cumplimiento de las obligaciones derivadas de la relaci\u00f3n jur\u00eddica se\u00f1alada o por el uso autorizado a encargados de EL INSTITUTO SIMA en t\u00e9rminos de la Ley.<\/p><p>Cualquier modificaci\u00f3n al presente aviso ser\u00e1 difundido a trav\u00e9s de este medio o cualquier otro de alcance masivo o bien, enviado a su \u00faltimo domicilio registrado, puesto a disposici\u00f3n en cualquiera de nuestros m\u00f3dulos de atenci\u00f3n o enviado a su correo electr\u00f3nico. Este Aviso de Privacidad y sus modificaciones, estar\u00e1n a su disposici\u00f3n en la p\u00e1gina de Internet www.sima.edu.mx<\/p><p><strong>Atentamente<br \/>S.I.M.A., S.C.<\/strong><\/p><p>Departamento de Administraci\u00f3n. Con domicilio en Calle Segunda #5196 Col. La Nueva Estanzuela, en la ciudad de Monterrey, N.L. C.P. 64988, Tel. 81-04-07-23, e-mail: <a href=\"mailto:instituto@sima.edu.mx\">instituto@sima.edu.mx<\/a><\/p><p>Fecha \u00faltima de actualizaci\u00f3n: MAYO 2015<\/p>\t\t\t\t\t<\/div>\n\t\t\t\t\t\t<\/div>\n\t\t\t\t<\/div>\n\t\t\t\t\t\t<\/div>\n\t\t\t\t\t<\/div>\n\t\t<\/div>\n\t\t\t\t\t\t\t\t<\/div>\n\t\t\t\t\t<\/div>\n\t\t<\/section>\n\t\t\t\t\t\t\t\t\t<\/div>\n\t\t\t<\/div>\n\t\t\t\t\t<\/div>\n\t\t","protected":false},"excerpt":{"rendered":"<p>En cumplimiento a lo dispuesto por la Ley Federal de Protecci\u00f3n de Datos Personales en Posesi\u00f3n de Particulares (en adelante, la Ley), S.I.M.A., S.C. (en lo sucesivo, EL INSTITUTO SIMA), informa: EL INSTITUTO SIMA, es una Sociedad Civil, constituida de conformidad a las leyes mexicanas, con domicilio en Calle Segunda No. 5196, Colonia La Nueva [&hellip;]<\/p>\n","protected":false},"author":7,"featured_media":0,"parent":0,"menu_order":0,"comment_status":"closed","ping_status":"open","template":"elementor_header_footer","meta":{"_monsterinsights_skip_tracking":false,"_monsterinsights_sitenote_active":false,"_monsterinsights_sitenote_note":"","_monsterinsights_sitenote_category":0,"_glsr_average":0,"_glsr_ranking":0,"_glsr_reviews":0},"aioseo_notices":[],"_links":{"self":[{"href":"https:\/\/sima.edu.mx\/es\/wp-json\/wp\/v2\/pages\/12684"}],"collection":[{"href":"https:\/\/sima.edu.mx\/es\/wp-json\/wp\/v2\/pages"}],"about":[{"href":"https:\/\/sima.edu.mx\/es\/wp-json\/wp\/v2\/types\/page"}],"author":[{"embeddable":true,"href":"https:\/\/sima.edu.mx\/es\/wp-json\/wp\/v2\/users\/7"}],"replies":[{"embeddable":true,"href":"https:\/\/sima.edu.mx\/es\/wp-json\/wp\/v2\/comments?post=12684"}],"version-history":[{"count":12,"href":"https:\/\/sima.edu.mx\/es\/wp-json\/wp\/v2\/pages\/12684\/revisions"}],"predecessor-version":[{"id":16639,"href":"https:\/\/sima.edu.mx\/es\/wp-json\/wp\/v2\/pages\/12684\/revisions\/16639"}],"wp:attachment":[{"href":"https:\/\/sima.edu.mx\/es\/wp-json\/wp\/v2\/media?parent=12684"}],"curies":[{"name":"wp","href":"https:\/\/api.w.org\/{rel}","templated":true}]}}